{"id":307,"date":"2022-06-05T19:55:14","date_gmt":"2022-06-05T17:55:14","guid":{"rendered":"https:\/\/arksmgmt.com\/?page_id=307"},"modified":"2024-11-18T15:22:02","modified_gmt":"2024-11-18T14:22:02","slug":"ueber-uns","status":"publish","type":"page","link":"https:\/\/arksmgmt.com\/en\/ueber-uns\/","title":{"rendered":"About us"},"content":{"rendered":"<section class=\"section dark\" id=\"section_1051064762\">\n\t\t<div class=\"bg section-bg fill bg-fill  bg-loaded\" >\n\n\t\t\t\n\t\t\t\n\t\t\t\n\n\t\t<\/div>\n\n\t\t\n\n\t\t<div class=\"section-content relative\">\n\t\t\t\n\t<div id=\"text-3484730325\" class=\"text seitentitel\">\n\t\t\n<h1>About us<\/h1>\n<h2>Friendly relations.<\/h2>\n\t\t\n<style>\n#text-3484730325 {\n  font-size: 2.65rem;\n  text-align: right;\n}\n<\/style>\n\t<\/div>\n\t\n\t\t<\/div>\n\n\t\t\n<style>\n#section_1051064762 {\n  padding-top: 30px;\n  padding-bottom: 30px;\n  background-color: rgb(0, 0, 0);\n}\n#section_1051064762 .ux-shape-divider--top svg {\n  height: 150px;\n  --divider-top-width: 100%;\n}\n#section_1051064762 .ux-shape-divider--bottom svg {\n  height: 150px;\n  --divider-width: 100%;\n}\n<\/style>\n\t<\/section>\n\t\n\t<div id=\"gap-1686105955\" class=\"gap-element clearfix\" style=\"display:block; height:auto;\">\n\t\t\n<style>\n#gap-1686105955 {\n  padding-top: 50px;\n}\n<\/style>\n\t<\/div>\n\t\n\t<section class=\"section\" id=\"section_1464177105\">\n\t\t<div class=\"bg section-bg fill bg-fill  bg-loaded\" >\n\n\t\t\t\n\t\t\t\n\t\t\t\n\n\t\t<\/div>\n\n\t\t\n\n\t\t<div class=\"section-content relative\">\n\t\t\t\n<div class=\"row\"  id=\"row-1658534288\">\n\n\t<div id=\"col-621571457\" class=\"col small-12 large-12\"  >\n\t\t\t\t<div class=\"col-inner\"  >\n\t\t\t\n\t\t\t\n<h3>Full-service agency for talents from music, fashion, movies\/TV, sports and social media.<\/h3>\n\t<div id=\"gap-1411565707\" class=\"gap-element clearfix\" style=\"display:block; height:auto;\">\n\t\t\n<style>\n#gap-1411565707 {\n  padding-top: 10px;\n}\n<\/style>\n\t<\/div>\n\t\n<p>Working with ARKSmgmt means an all-inclusive carefree package in management and organization. We take care of the communication between you and potential clients, make your bookings for travel, hotels, flights, shuttles, manage your scheduling, support you in the realization of events of any kind, build up your public image, and much, much more. In short: We are there for you when you need help - no matter if you are looking for a long-term cooperation or just for a specific project. We support you individually, flexibly, professionally and at eye level. Both nationally and internationally.<\/p>\n\t\t<\/div>\n\t\t\t\t\t<\/div>\n\n\t\n<\/div>\n\t\t<\/div>\n\n\t\t\n<style>\n#section_1464177105 {\n  padding-top: 30px;\n  padding-bottom: 30px;\n}\n#section_1464177105 .ux-shape-divider--top svg {\n  height: 150px;\n  --divider-top-width: 100%;\n}\n#section_1464177105 .ux-shape-divider--bottom svg {\n  height: 150px;\n  --divider-width: 100%;\n}\n<\/style>\n\t<\/section>\n\t\n\t<section class=\"section info-card-1\" id=\"section_1430835301\">\n\t\t<div class=\"bg section-bg fill bg-fill  bg-loaded\" >\n\n\t\t\t\n\t\t\t\n\t\t\t\n\n\t\t<\/div>\n\n\t\t\n\n\t\t<div class=\"section-content relative\">\n\t\t\t\n<div class=\"row row-full-width align-equal align-center grey-bg\"  id=\"row-1194355391\">\n\n\t<div id=\"col-658324514\" class=\"col medium-2 small-6 large-2\"  >\n\t\t\t\t<div class=\"col-inner\"  >\n\t\t\t\n\t\t\t\n\t<div class=\"img has-hover x md-x lg-x y md-y lg-y\" id=\"image_184883755\">\n\t\t\t\t\t\t\t\t<div class=\"img-inner dark\" >\n\t\t\t<img loading=\"lazy\" decoding=\"async\" width=\"1020\" height=\"680\" src=\"https:\/\/arksmgmt.com\/wp-content\/uploads\/2022\/06\/ARKSmgmt_catwalk-1024x683.jpg\" class=\"attachment-large size-large\" alt=\"\" srcset=\"https:\/\/arksmgmt.com\/wp-content\/uploads\/2022\/06\/ARKSmgmt_catwalk-1024x683.jpg 1024w, https:\/\/arksmgmt.com\/wp-content\/uploads\/2022\/06\/ARKSmgmt_catwalk-300x200.jpg 300w, https:\/\/arksmgmt.com\/wp-content\/uploads\/2022\/06\/ARKSmgmt_catwalk-768x512.jpg 768w, https:\/\/arksmgmt.com\/wp-content\/uploads\/2022\/06\/ARKSmgmt_catwalk-700x467.jpg 700w, https:\/\/arksmgmt.com\/wp-content\/uploads\/2022\/06\/ARKSmgmt_catwalk.jpg 1200w\" sizes=\"auto, (max-width: 1020px) 100vw, 1020px\" \/>\t\t\t\t\t\t\n\t\t\t\t\t<\/div>\n\t\t\t\t\t\t\t\t\n<style>\n#image_184883755 {\n  width: 100%;\n}\n<\/style>\n\t<\/div>\n\t\n\t\t<\/div>\n\t\t\t\t\t<\/div>\n\n\t\n\n\t<div id=\"col-1088946975\" class=\"col medium-2 small-6 large-2\"  >\n\t\t\t\t<div class=\"col-inner\"  >\n\t\t\t\n\t\t\t\n\t<div class=\"img has-hover x md-x lg-x y md-y lg-y\" id=\"image_264134724\">\n\t\t\t\t\t\t\t\t<div class=\"img-inner dark\" >\n\t\t\t<img loading=\"lazy\" decoding=\"async\" width=\"1020\" height=\"680\" src=\"https:\/\/arksmgmt.com\/wp-content\/uploads\/2022\/06\/ARKSmgmt_schauspieler-1024x683.jpg\" class=\"attachment-large size-large\" alt=\"\" srcset=\"https:\/\/arksmgmt.com\/wp-content\/uploads\/2022\/06\/ARKSmgmt_schauspieler-1024x683.jpg 1024w, https:\/\/arksmgmt.com\/wp-content\/uploads\/2022\/06\/ARKSmgmt_schauspieler-300x200.jpg 300w, https:\/\/arksmgmt.com\/wp-content\/uploads\/2022\/06\/ARKSmgmt_schauspieler-768x512.jpg 768w, https:\/\/arksmgmt.com\/wp-content\/uploads\/2022\/06\/ARKSmgmt_schauspieler-700x467.jpg 700w, https:\/\/arksmgmt.com\/wp-content\/uploads\/2022\/06\/ARKSmgmt_schauspieler.jpg 1200w\" sizes=\"auto, (max-width: 1020px) 100vw, 1020px\" \/>\t\t\t\t\t\t\n\t\t\t\t\t<\/div>\n\t\t\t\t\t\t\t\t\n<style>\n#image_264134724 {\n  width: 100%;\n}\n<\/style>\n\t<\/div>\n\t\n\t\t<\/div>\n\t\t\t\t\t<\/div>\n\n\t\n\n\t<div id=\"col-318526070\" class=\"col medium-2 small-6 large-2\"  >\n\t\t\t\t<div class=\"col-inner\"  >\n\t\t\t\n\t\t\t\n\t<div class=\"img has-hover x md-x lg-x y md-y lg-y\" id=\"image_1264563915\">\n\t\t\t\t\t\t\t\t<div class=\"img-inner dark\" >\n\t\t\t<img loading=\"lazy\" decoding=\"async\" width=\"1020\" height=\"680\" src=\"https:\/\/arksmgmt.com\/wp-content\/uploads\/2022\/07\/ARKSmgmt_yachtparty-1024x683.jpg\" class=\"attachment-large size-large\" alt=\"\" srcset=\"https:\/\/arksmgmt.com\/wp-content\/uploads\/2022\/07\/ARKSmgmt_yachtparty-1024x683.jpg 1024w, https:\/\/arksmgmt.com\/wp-content\/uploads\/2022\/07\/ARKSmgmt_yachtparty-300x200.jpg 300w, https:\/\/arksmgmt.com\/wp-content\/uploads\/2022\/07\/ARKSmgmt_yachtparty-768x512.jpg 768w, https:\/\/arksmgmt.com\/wp-content\/uploads\/2022\/07\/ARKSmgmt_yachtparty-18x12.jpg 18w, https:\/\/arksmgmt.com\/wp-content\/uploads\/2022\/07\/ARKSmgmt_yachtparty-700x467.jpg 700w, https:\/\/arksmgmt.com\/wp-content\/uploads\/2022\/07\/ARKSmgmt_yachtparty.jpg 1200w\" sizes=\"auto, (max-width: 1020px) 100vw, 1020px\" \/>\t\t\t\t\t\t\n\t\t\t\t\t<\/div>\n\t\t\t\t\t\t\t\t\n<style>\n#image_1264563915 {\n  width: 100%;\n}\n<\/style>\n\t<\/div>\n\t\n\t\t<\/div>\n\t\t\t\t\t<\/div>\n\n\t\n\n\t<div id=\"col-1137084676\" class=\"col medium-2 small-6 large-2\"  >\n\t\t\t\t<div class=\"col-inner\"  >\n\t\t\t\n\t\t\t\n\t<div class=\"img has-hover x md-x lg-x y md-y lg-y\" id=\"image_1750546253\">\n\t\t\t\t\t\t\t\t<div class=\"img-inner dark\" >\n\t\t\t<img loading=\"lazy\" decoding=\"async\" width=\"1020\" height=\"680\" src=\"https:\/\/arksmgmt.com\/wp-content\/uploads\/2022\/07\/ARKSmgmt_band-1024x683.jpg\" class=\"attachment-large size-large\" alt=\"\" srcset=\"https:\/\/arksmgmt.com\/wp-content\/uploads\/2022\/07\/ARKSmgmt_band-1024x683.jpg 1024w, https:\/\/arksmgmt.com\/wp-content\/uploads\/2022\/07\/ARKSmgmt_band-300x200.jpg 300w, https:\/\/arksmgmt.com\/wp-content\/uploads\/2022\/07\/ARKSmgmt_band-768x512.jpg 768w, https:\/\/arksmgmt.com\/wp-content\/uploads\/2022\/07\/ARKSmgmt_band-18x12.jpg 18w, https:\/\/arksmgmt.com\/wp-content\/uploads\/2022\/07\/ARKSmgmt_band-700x467.jpg 700w, https:\/\/arksmgmt.com\/wp-content\/uploads\/2022\/07\/ARKSmgmt_band.jpg 1200w\" sizes=\"auto, (max-width: 1020px) 100vw, 1020px\" \/>\t\t\t\t\t\t\n\t\t\t\t\t<\/div>\n\t\t\t\t\t\t\t\t\n<style>\n#image_1750546253 {\n  width: 100%;\n}\n<\/style>\n\t<\/div>\n\t\n\t\t<\/div>\n\t\t\t\t\t<\/div>\n\n\t\n\n\t<div id=\"col-493938413\" class=\"col medium-2 small-6 large-2\"  >\n\t\t\t\t<div class=\"col-inner\"  >\n\t\t\t\n\t\t\t\n\t<div class=\"img has-hover x md-x lg-x y md-y lg-y\" id=\"image_1559578144\">\n\t\t\t\t\t\t\t\t<div class=\"img-inner dark\" >\n\t\t\t<img loading=\"lazy\" decoding=\"async\" width=\"1020\" height=\"680\" src=\"https:\/\/arksmgmt.com\/wp-content\/uploads\/2022\/06\/ARKSmgmt_sport-1024x683.jpg\" class=\"attachment-large size-large\" alt=\"\" srcset=\"https:\/\/arksmgmt.com\/wp-content\/uploads\/2022\/06\/ARKSmgmt_sport-1024x683.jpg 1024w, https:\/\/arksmgmt.com\/wp-content\/uploads\/2022\/06\/ARKSmgmt_sport-300x200.jpg 300w, https:\/\/arksmgmt.com\/wp-content\/uploads\/2022\/06\/ARKSmgmt_sport-768x512.jpg 768w, https:\/\/arksmgmt.com\/wp-content\/uploads\/2022\/06\/ARKSmgmt_sport-700x467.jpg 700w, https:\/\/arksmgmt.com\/wp-content\/uploads\/2022\/06\/ARKSmgmt_sport.jpg 1200w\" sizes=\"auto, (max-width: 1020px) 100vw, 1020px\" \/>\t\t\t\t\t\t\n\t\t\t\t\t<\/div>\n\t\t\t\t\t\t\t\t\n<style>\n#image_1559578144 {\n  width: 100%;\n}\n<\/style>\n\t<\/div>\n\t\n\t\t<\/div>\n\t\t\t\t\t<\/div>\n\n\t\n\n\t<div id=\"col-1126013590\" class=\"col medium-2 small-6 large-2\"  >\n\t\t\t\t<div class=\"col-inner\"  >\n\t\t\t\n\t\t\t\n\t<div class=\"img has-hover x md-x lg-x y md-y lg-y\" id=\"image_561529012\">\n\t\t\t\t\t\t\t\t<div class=\"img-inner dark\" >\n\t\t\t<img loading=\"lazy\" decoding=\"async\" width=\"1020\" height=\"680\" src=\"https:\/\/arksmgmt.com\/wp-content\/uploads\/2022\/07\/ARKSmgmt_radio-1024x683.jpg\" class=\"attachment-large size-large\" alt=\"\" srcset=\"https:\/\/arksmgmt.com\/wp-content\/uploads\/2022\/07\/ARKSmgmt_radio-1024x683.jpg 1024w, https:\/\/arksmgmt.com\/wp-content\/uploads\/2022\/07\/ARKSmgmt_radio-300x200.jpg 300w, https:\/\/arksmgmt.com\/wp-content\/uploads\/2022\/07\/ARKSmgmt_radio-768x512.jpg 768w, https:\/\/arksmgmt.com\/wp-content\/uploads\/2022\/07\/ARKSmgmt_radio-18x12.jpg 18w, https:\/\/arksmgmt.com\/wp-content\/uploads\/2022\/07\/ARKSmgmt_radio-700x467.jpg 700w, https:\/\/arksmgmt.com\/wp-content\/uploads\/2022\/07\/ARKSmgmt_radio.jpg 1200w\" sizes=\"auto, (max-width: 1020px) 100vw, 1020px\" \/>\t\t\t\t\t\t\n\t\t\t\t\t<\/div>\n\t\t\t\t\t\t\t\t\n<style>\n#image_561529012 {\n  width: 100%;\n}\n<\/style>\n\t<\/div>\n\t\n\t\t<\/div>\n\t\t\t\t\t<\/div>\n\n\t\n<\/div>\n\t\t<\/div>\n\n\t\t\n<style>\n#section_1430835301 {\n  padding-top: 50px;\n  padding-bottom: 50px;\n  background-color: rgb(240, 240, 240);\n}\n#section_1430835301 .ux-shape-divider--top svg {\n  height: 150px;\n  --divider-top-width: 100%;\n}\n#section_1430835301 .ux-shape-divider--bottom svg {\n  height: 150px;\n  --divider-width: 100%;\n}\n<\/style>\n\t<\/section>\n\t\n\t<div id=\"gap-1463002298\" class=\"gap-element clearfix\" style=\"display:block; height:auto;\">\n\t\t\n<style>\n#gap-1463002298 {\n  padding-top: 50px;\n}\n<\/style>\n\t<\/div>","protected":false},"excerpt":{"rendered":"","protected":false},"author":1,"featured_media":0,"parent":0,"menu_order":0,"comment_status":"closed","ping_status":"closed","template":"page-blank.php","meta":{"inline_featured_image":false,"footnotes":""},"class_list":["post-307","page","type-page","status-publish","hentry"],"yoast_head":"<!-- This site is optimized with the Yoast SEO plugin v27.5 - https:\/\/yoast.com\/product\/yoast-seo-wordpress\/ -->\n<title>\u00dcber uns - ARKS Management und Organisation<\/title>\n<meta name=\"description\" content=\"Bei ARKSmgmt erh\u00e4ltst du das Rundum-Sorglos-Paket im Bereich Management und Organisation f\u00fcr Musik, Fashion, Film\/TV, Sport und Social Media.\" \/>\n<meta name=\"robots\" content=\"index, follow, max-snippet:-1, max-image-preview:large, max-video-preview:-1\" \/>\n<link rel=\"canonical\" href=\"https:\/\/arksmgmt.com\/en\/ueber-uns\/\" \/>\n<meta property=\"og:locale\" content=\"en_US\" \/>\n<meta property=\"og:type\" content=\"article\" \/>\n<meta property=\"og:title\" content=\"\u00dcber uns - ARKS Management und Organisation\" \/>\n<meta property=\"og:description\" content=\"Bei ARKSmgmt erh\u00e4ltst du das Rundum-Sorglos-Paket im Bereich Management und Organisation f\u00fcr Musik, Fashion, Film\/TV, Sport und Social Media.\" \/>\n<meta property=\"og:url\" content=\"https:\/\/arksmgmt.com\/en\/ueber-uns\/\" \/>\n<meta property=\"og:site_name\" content=\"ARKS Management und Organisation\" \/>\n<meta property=\"article:publisher\" content=\"https:\/\/www.facebook.com\/ARKSmgmt\" \/>\n<meta property=\"article:modified_time\" content=\"2024-11-18T14:22:02+00:00\" \/>\n<meta name=\"twitter:card\" content=\"summary_large_image\" \/>\n<meta name=\"twitter:label1\" content=\"Est. reading time\" \/>\n\t<meta name=\"twitter:data1\" content=\"5 minutes\" \/>\n<script type=\"application\/ld+json\" class=\"yoast-schema-graph\">{\"@context\":\"https:\\\/\\\/schema.org\",\"@graph\":[{\"@type\":[\"WebPage\",\"AboutPage\"],\"@id\":\"https:\\\/\\\/arksmgmt.com\\\/ueber-uns\\\/\",\"url\":\"https:\\\/\\\/arksmgmt.com\\\/ueber-uns\\\/\",\"name\":\"\u00dcber uns - ARKS Management und Organisation\",\"isPartOf\":{\"@id\":\"https:\\\/\\\/arksmgmt.com\\\/#website\"},\"datePublished\":\"2022-06-05T17:55:14+00:00\",\"dateModified\":\"2024-11-18T14:22:02+00:00\",\"description\":\"Bei ARKSmgmt erh\u00e4ltst du das Rundum-Sorglos-Paket im Bereich Management und Organisation f\u00fcr Musik, Fashion, Film\\\/TV, Sport und Social Media.\",\"breadcrumb\":{\"@id\":\"https:\\\/\\\/arksmgmt.com\\\/ueber-uns\\\/#breadcrumb\"},\"inLanguage\":\"en-US\",\"potentialAction\":[{\"@type\":\"ReadAction\",\"target\":[\"https:\\\/\\\/arksmgmt.com\\\/ueber-uns\\\/\"]}]},{\"@type\":\"BreadcrumbList\",\"@id\":\"https:\\\/\\\/arksmgmt.com\\\/ueber-uns\\\/#breadcrumb\",\"itemListElement\":[{\"@type\":\"ListItem\",\"position\":1,\"name\":\"Startseite\",\"item\":\"https:\\\/\\\/arksmgmt.com\\\/\"},{\"@type\":\"ListItem\",\"position\":2,\"name\":\"\u00dcber uns\"}]},{\"@type\":\"WebSite\",\"@id\":\"https:\\\/\\\/arksmgmt.com\\\/#website\",\"url\":\"https:\\\/\\\/arksmgmt.com\\\/\",\"name\":\"ARKS Management und Organisation\",\"description\":\"Full-Service-Agentur f\u00fcr Talente aus Musik, Fashion, Film\\\/TV, Sport und Social Media\",\"publisher\":{\"@id\":\"https:\\\/\\\/arksmgmt.com\\\/#organization\"},\"potentialAction\":[{\"@type\":\"SearchAction\",\"target\":{\"@type\":\"EntryPoint\",\"urlTemplate\":\"https:\\\/\\\/arksmgmt.com\\\/?s={search_term_string}\"},\"query-input\":{\"@type\":\"PropertyValueSpecification\",\"valueRequired\":true,\"valueName\":\"search_term_string\"}}],\"inLanguage\":\"en-US\"},{\"@type\":\"Organization\",\"@id\":\"https:\\\/\\\/arksmgmt.com\\\/#organization\",\"name\":\"ARKS Management & Organisation\",\"url\":\"https:\\\/\\\/arksmgmt.com\\\/\",\"logo\":{\"@type\":\"ImageObject\",\"inLanguage\":\"en-US\",\"@id\":\"https:\\\/\\\/arksmgmt.com\\\/#\\\/schema\\\/logo\\\/image\\\/\",\"url\":\"https:\\\/\\\/arksmgmt.com\\\/wp-content\\\/uploads\\\/2022\\\/07\\\/Profilbild_Logo_Standard.png\",\"contentUrl\":\"https:\\\/\\\/arksmgmt.com\\\/wp-content\\\/uploads\\\/2022\\\/07\\\/Profilbild_Logo_Standard.png\",\"width\":1000,\"height\":1000,\"caption\":\"ARKS Management & Organisation\"},\"image\":{\"@id\":\"https:\\\/\\\/arksmgmt.com\\\/#\\\/schema\\\/logo\\\/image\\\/\"},\"sameAs\":[\"https:\\\/\\\/www.facebook.com\\\/ARKSmgmt\",\"https:\\\/\\\/www.instagram.com\\\/arksmgmt\",\"https:\\\/\\\/www.linkedin.com\\\/company\\\/arksmgmt\"]}]}<\/script>\n<!-- \/ Yoast SEO plugin. -->","yoast_head_json":{"title":"\u00dcber uns - ARKS Management und Organisation","description":"Bei ARKSmgmt erh\u00e4ltst du das Rundum-Sorglos-Paket im Bereich Management und Organisation f\u00fcr Musik, Fashion, Film\/TV, Sport und Social Media.","robots":{"index":"index","follow":"follow","max-snippet":"max-snippet:-1","max-image-preview":"max-image-preview:large","max-video-preview":"max-video-preview:-1"},"canonical":"https:\/\/arksmgmt.com\/en\/ueber-uns\/","og_locale":"en_US","og_type":"article","og_title":"\u00dcber uns - ARKS Management und Organisation","og_description":"Bei ARKSmgmt erh\u00e4ltst du das Rundum-Sorglos-Paket im Bereich Management und Organisation f\u00fcr Musik, Fashion, Film\/TV, Sport und Social Media.","og_url":"https:\/\/arksmgmt.com\/en\/ueber-uns\/","og_site_name":"ARKS Management und Organisation","article_publisher":"https:\/\/www.facebook.com\/ARKSmgmt","article_modified_time":"2024-11-18T14:22:02+00:00","twitter_card":"summary_large_image","twitter_misc":{"Est. reading time":"5 minutes"},"schema":{"@context":"https:\/\/schema.org","@graph":[{"@type":["WebPage","AboutPage"],"@id":"https:\/\/arksmgmt.com\/ueber-uns\/","url":"https:\/\/arksmgmt.com\/ueber-uns\/","name":"\u00dcber uns - ARKS Management und Organisation","isPartOf":{"@id":"https:\/\/arksmgmt.com\/#website"},"datePublished":"2022-06-05T17:55:14+00:00","dateModified":"2024-11-18T14:22:02+00:00","description":"Bei ARKSmgmt erh\u00e4ltst du das Rundum-Sorglos-Paket im Bereich Management und Organisation f\u00fcr Musik, Fashion, Film\/TV, Sport und Social Media.","breadcrumb":{"@id":"https:\/\/arksmgmt.com\/ueber-uns\/#breadcrumb"},"inLanguage":"en-US","potentialAction":[{"@type":"ReadAction","target":["https:\/\/arksmgmt.com\/ueber-uns\/"]}]},{"@type":"BreadcrumbList","@id":"https:\/\/arksmgmt.com\/ueber-uns\/#breadcrumb","itemListElement":[{"@type":"ListItem","position":1,"name":"Startseite","item":"https:\/\/arksmgmt.com\/"},{"@type":"ListItem","position":2,"name":"\u00dcber uns"}]},{"@type":"WebSite","@id":"https:\/\/arksmgmt.com\/#website","url":"https:\/\/arksmgmt.com\/","name":"ARKS Management and Organization","description":"Full-Service-Agentur f\u00fcr Talente aus Musik, Fashion, Film\/TV, Sport und Social Media","publisher":{"@id":"https:\/\/arksmgmt.com\/#organization"},"potentialAction":[{"@type":"SearchAction","target":{"@type":"EntryPoint","urlTemplate":"https:\/\/arksmgmt.com\/?s={search_term_string}"},"query-input":{"@type":"PropertyValueSpecification","valueRequired":true,"valueName":"search_term_string"}}],"inLanguage":"en-US"},{"@type":"Organization","@id":"https:\/\/arksmgmt.com\/#organization","name":"ARKS Management & Organisation","url":"https:\/\/arksmgmt.com\/","logo":{"@type":"ImageObject","inLanguage":"en-US","@id":"https:\/\/arksmgmt.com\/#\/schema\/logo\/image\/","url":"https:\/\/arksmgmt.com\/wp-content\/uploads\/2022\/07\/Profilbild_Logo_Standard.png","contentUrl":"https:\/\/arksmgmt.com\/wp-content\/uploads\/2022\/07\/Profilbild_Logo_Standard.png","width":1000,"height":1000,"caption":"ARKS Management & Organisation"},"image":{"@id":"https:\/\/arksmgmt.com\/#\/schema\/logo\/image\/"},"sameAs":["https:\/\/www.facebook.com\/ARKSmgmt","https:\/\/www.instagram.com\/arksmgmt","https:\/\/www.linkedin.com\/company\/arksmgmt"]}]}},"_links":{"self":[{"href":"https:\/\/arksmgmt.com\/en\/wp-json\/wp\/v2\/pages\/307","targetHints":{"allow":["GET"]}}],"collection":[{"href":"https:\/\/arksmgmt.com\/en\/wp-json\/wp\/v2\/pages"}],"about":[{"href":"https:\/\/arksmgmt.com\/en\/wp-json\/wp\/v2\/types\/page"}],"author":[{"embeddable":true,"href":"https:\/\/arksmgmt.com\/en\/wp-json\/wp\/v2\/users\/1"}],"replies":[{"embeddable":true,"href":"https:\/\/arksmgmt.com\/en\/wp-json\/wp\/v2\/comments?post=307"}],"version-history":[{"count":2,"href":"https:\/\/arksmgmt.com\/en\/wp-json\/wp\/v2\/pages\/307\/revisions"}],"predecessor-version":[{"id":1112,"href":"https:\/\/arksmgmt.com\/en\/wp-json\/wp\/v2\/pages\/307\/revisions\/1112"}],"wp:attachment":[{"href":"https:\/\/arksmgmt.com\/en\/wp-json\/wp\/v2\/media?parent=307"}],"curies":[{"name":"wp","href":"https:\/\/api.w.org\/{rel}","templated":true}]}}